{"id":1540,"date":"2022-12-05T20:53:52","date_gmt":"2022-12-05T20:53:52","guid":{"rendered":"https:\/\/red.latamred.com\/?post_type=product&#038;p=1540"},"modified":"2023-06-21T12:41:10","modified_gmt":"2023-06-21T12:41:10","slug":"cdcs-especialista-en-centro-de-datos","status":"publish","type":"product","link":"https:\/\/latamred.com\/todos-los-eventos\/product\/cdcs-especialista-en-centro-de-datos\/","title":{"rendered":"CDCS &#8211; Especialista en Centro de Datos"},"content":{"rendered":"\t\t<div data-elementor-type=\"wp-post\" data-elementor-id=\"1605\" class=\"elementor elementor-1605\">\n\t\t\t\t\t\t<section class=\"elementor-section elementor-top-section elementor-element elementor-element-68a9979 elementor-section-boxed elementor-section-height-default elementor-section-height-default\" data-id=\"68a9979\" data-element_type=\"section\">\n\t\t\t\t\t\t<div class=\"elementor-container elementor-column-gap-default\">\n\t\t\t\t\t<div class=\"elementor-column elementor-col-100 elementor-top-column elementor-element elementor-element-d687100\" data-id=\"d687100\" data-element_type=\"column\">\n\t\t\t<div class=\"elementor-widget-wrap elementor-element-populated\">\n\t\t\t\t\t\t<div class=\"elementor-element elementor-element-1863844 elementor-widget elementor-widget-text-editor\" data-id=\"1863844\" data-element_type=\"widget\" data-widget_type=\"text-editor.default\">\n\t\t\t\t<div class=\"elementor-widget-container\">\n\t\t\t\t\t\t\t<ul><li>Todos los precios son expresados en <strong>d\u00f3lares americanos<\/strong>, agregando el Impuesto de Ventas <strong>(ITBMS)<\/strong> sol\u00f3 si se encuentra en <strong>la Rep\u00fablica de Panam\u00e1<\/strong>.<\/li><li>Cons\u00faltenos por precios especiales para grupos, empresas y versi\u00f3n \u201cin-company\u201d.<\/li><li>Cons\u00faltenos por precios especiales para versi\u00f3n \u201cToD \u2013 Training on Demand\u201d<\/li><\/ul>\t\t\t\t\t\t<\/div>\n\t\t\t\t<\/div>\n\t\t\t\t\t<\/div>\n\t\t<\/div>\n\t\t\t\t\t<\/div>\n\t\t<\/section>\n\t\t\t\t<section class=\"elementor-section elementor-top-section elementor-element elementor-element-262a98fe elementor-section-content-middle elementor-reverse-mobile elementor-section-boxed elementor-section-height-default elementor-section-height-default\" data-id=\"262a98fe\" data-element_type=\"section\" data-settings=\"{&quot;background_background&quot;:&quot;classic&quot;}\">\n\t\t\t\t\t\t\t<div class=\"elementor-background-overlay\"><\/div>\n\t\t\t\t\t\t\t<div class=\"elementor-container elementor-column-gap-no\">\n\t\t\t\t\t<div class=\"elementor-column elementor-col-50 elementor-top-column elementor-element elementor-element-2113fb95\" data-id=\"2113fb95\" data-element_type=\"column\">\n\t\t\t<div class=\"elementor-widget-wrap elementor-element-populated\">\n\t\t\t\t\t\t<div class=\"elementor-element elementor-element-5abccf26 elementor-widget elementor-widget-heading\" data-id=\"5abccf26\" data-element_type=\"widget\" data-widget_type=\"heading.default\">\n\t\t\t\t<div class=\"elementor-widget-container\">\n\t\t\t<h2 class=\"elementor-heading-title elementor-size-default\">Lorem ipsum dolor sit amet.<\/h2>\t\t<\/div>\n\t\t\t\t<\/div>\n\t\t\t\t<div class=\"elementor-element elementor-element-2f957093 elementor-widget elementor-widget-text-editor\" data-id=\"2f957093\" data-element_type=\"widget\" data-widget_type=\"text-editor.default\">\n\t\t\t\t<div class=\"elementor-widget-container\">\n\t\t\t\t\t\t\t<p>Aliquam lacus ante, feugiat et ante in, bibendum interdum odio. Cras vitae vulputate nibh. Vivamus rhoncus neque ac quam tincidunt, non vehicula purus faucibus.<\/p>\t\t\t\t\t\t<\/div>\n\t\t\t\t<\/div>\n\t\t\t\t\t<\/div>\n\t\t<\/div>\n\t\t\t\t<div class=\"elementor-column elementor-col-50 elementor-top-column elementor-element elementor-element-3fd7dcf4\" data-id=\"3fd7dcf4\" data-element_type=\"column\">\n\t\t\t<div class=\"elementor-widget-wrap elementor-element-populated\">\n\t\t\t\t\t\t<div class=\"elementor-element elementor-element-7c55aeab elementor-widget elementor-widget-image\" data-id=\"7c55aeab\" data-element_type=\"widget\" data-widget_type=\"image.default\">\n\t\t\t\t<div class=\"elementor-widget-container\">\n\t\t\t\t\t\t\t\t\t\t\t\t\t<img fetchpriority=\"high\" decoding=\"async\" width=\"1024\" height=\"768\" src=\"https:\/\/latamred.com\/todos-los-eventos\/wp-content\/uploads\/2022\/12\/feat-inside-1.jpg\" class=\"attachment-full size-full wp-image-1612\" alt=\"\" srcset=\"https:\/\/latamred.com\/todos-los-eventos\/wp-content\/uploads\/2022\/12\/feat-inside-1.jpg 1024w, https:\/\/latamred.com\/todos-los-eventos\/wp-content\/uploads\/2022\/12\/feat-inside-1-600x450.jpg 600w, https:\/\/latamred.com\/todos-los-eventos\/wp-content\/uploads\/2022\/12\/feat-inside-1-300x225.jpg 300w, https:\/\/latamred.com\/todos-los-eventos\/wp-content\/uploads\/2022\/12\/feat-inside-1-768x576.jpg 768w, https:\/\/latamred.com\/todos-los-eventos\/wp-content\/uploads\/2022\/12\/feat-inside-1-200x150.jpg 200w\" sizes=\"(max-width: 1024px) 100vw, 1024px\" \/>\t\t\t\t\t\t\t\t\t\t\t\t\t<\/div>\n\t\t\t\t<\/div>\n\t\t\t\t\t<\/div>\n\t\t<\/div>\n\t\t\t\t\t<\/div>\n\t\t<\/section>\n\t\t\t\t<section class=\"elementor-section elementor-top-section elementor-element elementor-element-61521366 elementor-section-height-min-height elementor-section-content-middle elementor-section-boxed elementor-section-height-default elementor-section-items-middle\" data-id=\"61521366\" data-element_type=\"section\" data-settings=\"{&quot;background_background&quot;:&quot;classic&quot;}\">\n\t\t\t\t\t\t\t<div class=\"elementor-background-overlay\"><\/div>\n\t\t\t\t\t\t\t<div class=\"elementor-container elementor-column-gap-default\">\n\t\t\t\t\t<div class=\"elementor-column elementor-col-100 elementor-top-column elementor-element elementor-element-28d00a82\" data-id=\"28d00a82\" data-element_type=\"column\">\n\t\t\t<div class=\"elementor-widget-wrap elementor-element-populated\">\n\t\t\t\t\t\t<div class=\"elementor-element elementor-element-4d64c8aa elementor-widget elementor-widget-heading\" data-id=\"4d64c8aa\" data-element_type=\"widget\" data-widget_type=\"heading.default\">\n\t\t\t\t<div class=\"elementor-widget-container\">\n\t\t\t<h5 class=\"elementor-heading-title elementor-size-default\">Aliquam nulla ex<\/h5>\t\t<\/div>\n\t\t\t\t<\/div>\n\t\t\t\t<div class=\"elementor-element elementor-element-12462600 elementor-widget elementor-widget-heading\" data-id=\"12462600\" data-element_type=\"widget\" data-widget_type=\"heading.default\">\n\t\t\t\t<div class=\"elementor-widget-container\">\n\t\t\t<h2 class=\"elementor-heading-title elementor-size-default\">Quisque diam arcu, lobortis vel tortor et<\/h2>\t\t<\/div>\n\t\t\t\t<\/div>\n\t\t\t\t<div class=\"elementor-element elementor-element-5157027a elementor-widget elementor-widget-text-editor\" data-id=\"5157027a\" data-element_type=\"widget\" data-widget_type=\"text-editor.default\">\n\t\t\t\t<div class=\"elementor-widget-container\">\n\t\t\t\t\t\t\t<p>I am text block. Click edit button to change this text. Lorem ipsum dolor sit amet, consectetur adipiscing elit. Ut elit tellus, luctus nec ullamcorper mattis, pulvinar dapibus leo.<\/p>\t\t\t\t\t\t<\/div>\n\t\t\t\t<\/div>\n\t\t\t\t\t<\/div>\n\t\t<\/div>\n\t\t\t\t\t<\/div>\n\t\t<\/section>\n\t\t\t\t<section class=\"elementor-section elementor-top-section elementor-element elementor-element-88e8a3a elementor-section-content-middle elementor-reverse-mobile elementor-section-boxed elementor-section-height-default elementor-section-height-default\" data-id=\"88e8a3a\" data-element_type=\"section\" data-settings=\"{&quot;background_background&quot;:&quot;classic&quot;}\">\n\t\t\t\t\t\t\t<div class=\"elementor-background-overlay\"><\/div>\n\t\t\t\t\t\t\t<div class=\"elementor-container elementor-column-gap-no\">\n\t\t\t\t\t<div class=\"elementor-column elementor-col-50 elementor-top-column elementor-element elementor-element-6db2953\" data-id=\"6db2953\" data-element_type=\"column\">\n\t\t\t<div class=\"elementor-widget-wrap elementor-element-populated\">\n\t\t\t\t\t\t<div class=\"elementor-element elementor-element-b20998f elementor-widget elementor-widget-image\" data-id=\"b20998f\" data-element_type=\"widget\" data-widget_type=\"image.default\">\n\t\t\t\t<div class=\"elementor-widget-container\">\n\t\t\t\t\t\t\t\t\t\t\t\t\t<img decoding=\"async\" width=\"1024\" height=\"768\" src=\"https:\/\/latamred.com\/todos-los-eventos\/wp-content\/uploads\/2022\/12\/feat-inside-2.jpg\" class=\"attachment-full size-full wp-image-1624\" alt=\"\" srcset=\"https:\/\/latamred.com\/todos-los-eventos\/wp-content\/uploads\/2022\/12\/feat-inside-2.jpg 1024w, https:\/\/latamred.com\/todos-los-eventos\/wp-content\/uploads\/2022\/12\/feat-inside-2-600x450.jpg 600w, https:\/\/latamred.com\/todos-los-eventos\/wp-content\/uploads\/2022\/12\/feat-inside-2-300x225.jpg 300w, https:\/\/latamred.com\/todos-los-eventos\/wp-content\/uploads\/2022\/12\/feat-inside-2-768x576.jpg 768w, https:\/\/latamred.com\/todos-los-eventos\/wp-content\/uploads\/2022\/12\/feat-inside-2-200x150.jpg 200w\" sizes=\"(max-width: 1024px) 100vw, 1024px\" \/>\t\t\t\t\t\t\t\t\t\t\t\t\t<\/div>\n\t\t\t\t<\/div>\n\t\t\t\t\t<\/div>\n\t\t<\/div>\n\t\t\t\t<div class=\"elementor-column elementor-col-50 elementor-top-column elementor-element elementor-element-e6c08be\" data-id=\"e6c08be\" data-element_type=\"column\">\n\t\t\t<div class=\"elementor-widget-wrap elementor-element-populated\">\n\t\t\t\t\t\t<div class=\"elementor-element elementor-element-579b027 elementor-widget elementor-widget-heading\" data-id=\"579b027\" data-element_type=\"widget\" data-widget_type=\"heading.default\">\n\t\t\t\t<div class=\"elementor-widget-container\">\n\t\t\t<h3 class=\"elementor-heading-title elementor-size-default\">Lorem ipsum dolor sit amet.<\/h3>\t\t<\/div>\n\t\t\t\t<\/div>\n\t\t\t\t<div class=\"elementor-element elementor-element-a3a9c42 elementor-widget elementor-widget-text-editor\" data-id=\"a3a9c42\" data-element_type=\"widget\" data-widget_type=\"text-editor.default\">\n\t\t\t\t<div class=\"elementor-widget-container\">\n\t\t\t\t\t\t\t<p>Aliquam lacus ante, feugiat et ante in, bibendum interdum odio. Cras vitae vulputate nibh. Vivamus rhoncus neque ac quam tincidunt, non vehicula purus faucibus.<\/p>\t\t\t\t\t\t<\/div>\n\t\t\t\t<\/div>\n\t\t\t\t\t<\/div>\n\t\t<\/div>\n\t\t\t\t\t<\/div>\n\t\t<\/section>\n\t\t\t\t<\/div>\n\t\t\n","protected":false},"excerpt":{"rendered":"<p>Interdum et malesuada fames ac ante ipsum primis in faucibus. Praesent eu tellus eleifend, hendrerit justo et, auctor sapien.<\/p>\n","protected":false},"featured_media":1898,"comment_status":"open","ping_status":"closed","template":"","meta":{"_monsterinsights_skip_tracking":false,"_monsterinsights_sitenote_active":false,"_monsterinsights_sitenote_note":"","_monsterinsights_sitenote_category":0},"product_cat":[26],"product_tag":[],"class_list":{"0":"post-1540","1":"product","2":"type-product","3":"status-publish","4":"has-post-thumbnail","6":"product_cat-tecnologias-de-la-informacion","7":"rishi-post","9":"first","10":"instock","11":"taxable","12":"shipping-taxable","13":"purchasable","14":"product-type-simple"},"aioseo_notices":[],"_links":{"self":[{"href":"https:\/\/latamred.com\/todos-los-eventos\/wp-json\/wp\/v2\/product\/1540"}],"collection":[{"href":"https:\/\/latamred.com\/todos-los-eventos\/wp-json\/wp\/v2\/product"}],"about":[{"href":"https:\/\/latamred.com\/todos-los-eventos\/wp-json\/wp\/v2\/types\/product"}],"replies":[{"embeddable":true,"href":"https:\/\/latamred.com\/todos-los-eventos\/wp-json\/wp\/v2\/comments?post=1540"}],"wp:featuredmedia":[{"embeddable":true,"href":"https:\/\/latamred.com\/todos-los-eventos\/wp-json\/wp\/v2\/media\/1898"}],"wp:attachment":[{"href":"https:\/\/latamred.com\/todos-los-eventos\/wp-json\/wp\/v2\/media?parent=1540"}],"wp:term":[{"taxonomy":"product_cat","embeddable":true,"href":"https:\/\/latamred.com\/todos-los-eventos\/wp-json\/wp\/v2\/product_cat?post=1540"},{"taxonomy":"product_tag","embeddable":true,"href":"https:\/\/latamred.com\/todos-los-eventos\/wp-json\/wp\/v2\/product_tag?post=1540"}],"curies":[{"name":"wp","href":"https:\/\/api.w.org\/{rel}","templated":true}]}}